{"id":1497,"date":"2021-08-09T09:16:43","date_gmt":"2021-08-09T07:16:43","guid":{"rendered":"https:\/\/www.polzela.com\/si\/?post_type=product&#038;p=1497"},"modified":"2026-02-03T13:21:32","modified_gmt":"2026-02-03T12:21:32","slug":"nogavica-fler-ajda-summer","status":"publish","type":"product","link":"https:\/\/www.polzela.com\/si\/product\/nogavica-fler-ajda-summer\/","title":{"rendered":"Hla\u010dne nogavice Ajda 10den 9112 \u010drna"},"content":{"rendered":"<h2><strong>POLZELA Ajda Summer 10den<br \/>\n<\/strong><\/h2>\n<ul>\n<li>Nogavice s svojo zra\u010dnostjo zagotavljajo osve\u017eujo\u010d ob\u010dutek med poletjem. Zagotavljajo udobno no\u0161enje in bolj\u0161e po\u010dutje nog<\/li>\n<li>Prosojne v hla\u010dnem delu, dol\u017eini in v prstih.<\/li>\n<li>Bomba\u017eni vstavek omogo\u010da dobro prileganje k nogi in dodaja dodatno udobje.<\/li>\n<li>Nogavice so primerne za na delovno mesto, kot za posebne prilo\u017enosti.<\/li>\n<\/ul>\n<p>Satin Sheers tehnologija preje Lycra\u00ae, daje nogavici gladek in prosojen videz, nogavice imajo lastnost briljantnega sijaja in trajnega prileganja.<\/p>\n<p>Vedno elegantne nogavice iz\u00a0\u00a0 programa FLER zagotavljajo vrhunsko kakovost na vsakem koraku\u00a0 in so nepogre\u0161ljive \u00a0spremljevalke\u00a0 sodobne \u017eenske. \u0160irok izbor je\u00a0 namenjen\u00a0 \u017eenskam, ki ob vsaki priliki vedo, kaj potrebujejo; naj si bo poleti ali pozimi, za celodneven urejen videz ali za posebne prilo\u017enosti<br \/>\nNudijo osnovno za\u0161\u010dito, udobnost in lep videz.<\/p>\n<p>Vsi uporabljeni materiali so zdravju in ko\u017ei prijazni. Oznaka EKO-TEX 100 kon\u010dnim uporabnikom predstavlja dodatne prednosti preverjene varnosti na ko\u017ei. Izdelki Polzela so okolju prijazni izdelki.<\/p>\n","protected":false},"excerpt":{"rendered":"<p><strong>Opis izdelka:<\/strong><\/p>\n<p>Ajda Summer 10 DEN nogavice s svojo zra\u010dnostjo zagotavljajo osve\u017eujo\u010d ob\u010dutek med poletjem. Zagotavljajo udobno no\u0161enje in bolj\u0161e po\u010dutje nog. Bomba\u017eni vstavek omogo\u010da dobro prileganje nogi in dodaja dodatno udobje.<\/p>\n<p>NB! \u010drna barva.<\/p>\n[caption id=\"attachment_1536\" align=\"alignleft\" width=\"70\"]<img loading=\"lazy\" decoding=\"async\" class=\"size-full wp-image-1536\" src=\"https:\/\/www.polzela.com\/si\/wp-content\/uploads\/sites\/2\/2016\/08\/BOMBAZNI-VSTAVEK-e1471331493832.jpg\" alt=\"BOMBAZNI VSTAVEK\" width=\"70\" height=\"70\" \/> Bomba\u017eni vstavek[\/caption]\n[caption id=\"attachment_1509\" align=\"alignleft\" width=\"70\"]<img loading=\"lazy\" decoding=\"async\" class=\"size-full wp-image-1509\" src=\"https:\/\/www.polzela.com\/si\/wp-content\/uploads\/sites\/2\/2016\/07\/SOFT-TOUCH-e1471331274468.jpg\" alt=\"SOFT TOUCH\" width=\"70\" height=\"70\" \/> Izjemno mehko[\/caption]\n<p>&nbsp;<\/p>\n<p>&nbsp;<\/p>\n<p>&nbsp;<\/p>\n<p>&nbsp;<\/p>\n<p><strong>Sestava:<\/strong> 87% Poliamid, 13% Elastan<\/p>\n<p>&nbsp;<\/p>\n","protected":false},"featured_media":1940,"comment_status":"open","ping_status":"closed","template":"","meta":{"om_disable_all_campaigns":false,"_monsterinsights_skip_tracking":false,"_monsterinsights_sitenote_active":false,"_monsterinsights_sitenote_note":"","_monsterinsights_sitenote_category":0},"product_cat":[42,374],"product_tag":[857],"class_list":["post-1497","product","type-product","status-publish","has-post-thumbnail","hentry","product_cat-zenske","product_cat-hlacne-nogavice","product_tag-polzela"],"bundled_by":[],"bundle_stock_status":"instock","bundle_stock_quantity":null,"bundle_virtual":false,"bundle_layout":"","bundle_add_to_cart_form_location":"","bundle_editable_in_cart":false,"bundle_sold_individually_context":"","bundle_item_grouping":"","bundle_min_size":"","bundle_max_size":"","bundled_items":[],"bundle_sell_ids":[],"aioseo_notices":[],"_links":{"self":[{"href":"https:\/\/www.polzela.com\/si\/wp-json\/wp\/v2\/product\/1497","targetHints":{"allow":["GET"]}}],"collection":[{"href":"https:\/\/www.polzela.com\/si\/wp-json\/wp\/v2\/product"}],"about":[{"href":"https:\/\/www.polzela.com\/si\/wp-json\/wp\/v2\/types\/product"}],"replies":[{"embeddable":true,"href":"https:\/\/www.polzela.com\/si\/wp-json\/wp\/v2\/comments?post=1497"}],"wp:featuredmedia":[{"embeddable":true,"href":"https:\/\/www.polzela.com\/si\/wp-json\/wp\/v2\/media\/1940"}],"wp:attachment":[{"href":"https:\/\/www.polzela.com\/si\/wp-json\/wp\/v2\/media?parent=1497"}],"wp:term":[{"taxonomy":"product_cat","embeddable":true,"href":"https:\/\/www.polzela.com\/si\/wp-json\/wp\/v2\/product_cat?post=1497"},{"taxonomy":"product_tag","embeddable":true,"href":"https:\/\/www.polzela.com\/si\/wp-json\/wp\/v2\/product_tag?post=1497"}],"curies":[{"name":"wp","href":"https:\/\/api.w.org\/{rel}","templated":true}]}}