{"id":1496,"date":"2016-08-08T14:02:06","date_gmt":"2016-08-08T12:02:06","guid":{"rendered":"https:\/\/www.polzela.com\/si\/?post_type=product&#038;p=1496"},"modified":"2026-03-25T14:43:51","modified_gmt":"2026-03-25T13:43:51","slug":"nogavica-fler-tea-4230","status":"publish","type":"product","link":"https:\/\/www.polzela.com\/si\/product\/nogavica-fler-tea-4230\/","title":{"rendered":"Fler denske nogavice Tea 15 den art. 4230 2 PARA"},"content":{"rendered":"<h2>POLZELA Fler Tea 15den<\/h2>\n<ul>\n<li>Lycra\u00ae vlakni.<\/li>\n<li>Prosojne in svilenega mat videza<\/li>\n<li>Ne-stiskajo\u010di trak in nevidno okrepljenim predelom prstov.<\/li>\n<li>Mehak in eleganten ob\u010dutek na nogi.<\/li>\n<\/ul>\n<p>Vedno elegantne nogavice iz\u00a0\u00a0 programa FLER zagotavljajo vrhunsko kakovost na vsakem koraku\u00a0 in so nepogre\u0161ljive \u00a0spremljevalke\u00a0 sodobne \u017eenske. \u0160irok izbor je\u00a0 namenjen\u00a0 \u017eenskam, ki ob vsaki priliki vedo, kaj potrebujejo; naj si bo poleti ali pozimi, za celodneven urejen videz ali za posebne prilo\u017enosti<\/p>\n<p>Nudijo osnovno za\u0161\u010dito, udobnost in lep videz.<\/p>\n<p>Vsi uporabljeni materiali so zdravju in ko\u017ei prijazni. Oznaka EKO-TEX 100 kon\u010dnim uporabnikom predstavlja dodatne prednosti preverjene varnosti na ko\u017ei. Izdelki Polzela so okolju prijazni izdelki.<\/p>\n","protected":false},"excerpt":{"rendered":"<p><strong>Opis izdelka:<\/strong><\/p>\n<p>Vedno elegantne nogavice iz \u00a0programa FLER zagotavljajo vrhunsko kakovost na vsakem koraku\u00a0 in so nepogre\u0161ljive \u00a0spremljevalke\u00a0 sodobne \u017eenske. \u0160irok izbor je\u00a0 namenjen\u00a0 \u017eenskam, ki ob vsaki priliki vedo, kaj potrebujejo.\u00a0Prejmete dva para nogavic.<\/p>\n[caption id=\"attachment_1509\" align=\"alignleft\" width=\"70\"]<img loading=\"lazy\" decoding=\"async\" class=\"size-full wp-image-1509\" src=\"https:\/\/www.polzela.com\/si\/wp-content\/uploads\/sites\/2\/2016\/07\/SOFT-TOUCH-e1471331274468.jpg\" alt=\"SOFT TOUCH\" width=\"70\" height=\"70\" \/> Izjemno mehko[\/caption]\n[caption id=\"attachment_1506\" align=\"alignleft\" width=\"70\"]<img loading=\"lazy\" decoding=\"async\" class=\"size-full wp-image-1506\" src=\"https:\/\/www.polzela.com\/si\/wp-content\/uploads\/sites\/2\/2016\/07\/COMFORT-ROB-1-e1471331294827.jpg\" alt=\"COMFORT ROB\" width=\"70\" height=\"70\" \/> Udoben rob[\/caption]\n<p>&nbsp;<\/p>\n<p>&nbsp;<\/p>\n<p>&nbsp;<\/p>\n<p>&nbsp;<\/p>\n<p><strong>Sestava:<\/strong> 80% Poliamid, 20% Elastan<\/p>\n","protected":false},"featured_media":50087,"comment_status":"open","ping_status":"closed","template":"","meta":{"om_disable_all_campaigns":false,"_monsterinsights_skip_tracking":false,"_monsterinsights_sitenote_active":false,"_monsterinsights_sitenote_note":"","_monsterinsights_sitenote_category":0},"product_cat":[42,373],"product_tag":[816,857],"class_list":["post-1496","product","type-product","status-publish","has-post-thumbnail","hentry","product_cat-zenske","product_cat-zenske-nogavice","product_tag-den","product_tag-polzela"],"bundled_by":[],"bundle_stock_status":"instock","bundle_stock_quantity":null,"bundle_virtual":false,"bundle_layout":"","bundle_add_to_cart_form_location":"","bundle_editable_in_cart":false,"bundle_sold_individually_context":"","bundle_item_grouping":"","bundle_min_size":"","bundle_max_size":"","bundled_items":[],"bundle_sell_ids":[],"aioseo_notices":[],"_links":{"self":[{"href":"https:\/\/www.polzela.com\/si\/wp-json\/wp\/v2\/product\/1496","targetHints":{"allow":["GET"]}}],"collection":[{"href":"https:\/\/www.polzela.com\/si\/wp-json\/wp\/v2\/product"}],"about":[{"href":"https:\/\/www.polzela.com\/si\/wp-json\/wp\/v2\/types\/product"}],"replies":[{"embeddable":true,"href":"https:\/\/www.polzela.com\/si\/wp-json\/wp\/v2\/comments?post=1496"}],"wp:featuredmedia":[{"embeddable":true,"href":"https:\/\/www.polzela.com\/si\/wp-json\/wp\/v2\/media\/50087"}],"wp:attachment":[{"href":"https:\/\/www.polzela.com\/si\/wp-json\/wp\/v2\/media?parent=1496"}],"wp:term":[{"taxonomy":"product_cat","embeddable":true,"href":"https:\/\/www.polzela.com\/si\/wp-json\/wp\/v2\/product_cat?post=1496"},{"taxonomy":"product_tag","embeddable":true,"href":"https:\/\/www.polzela.com\/si\/wp-json\/wp\/v2\/product_tag?post=1496"}],"curies":[{"name":"wp","href":"https:\/\/api.w.org\/{rel}","templated":true}]}}