{"id":1491,"date":"2016-08-30T13:10:40","date_gmt":"2016-08-30T11:10:40","guid":{"rendered":"https:\/\/www.polzela.com\/si\/?post_type=product&#038;p=1491"},"modified":"2026-04-16T15:22:33","modified_gmt":"2026-04-16T13:22:33","slug":"nogavica-fler-diana-8200","status":"publish","type":"product","link":"https:\/\/www.polzela.com\/si\/product\/nogavica-fler-diana-8200\/","title":{"rendered":"\u017denske hla\u010dne nogavice Diana 15 den (8200)"},"content":{"rendered":"<h2 style=\"text-align: justify\"><strong>POLZELA Fler Diana 15den<br \/>\n<\/strong><\/h2>\n<p>Oja\u010dan prstni del, ki vam daje brezskrbno uporabo skozi celoten dan. Aloe Vera pripomore k osve\u017eitvi in navla\u017eitvi ko\u017ee za mehko in gladko ko\u017eo.<\/p>\n<p>Satin Sheers tehnologija preje Lycra\u00ae, daje nogavici gladek in prosojen videz, nogavice imajo lastnost briljantnega sijaja in trajnega prileganja.<\/p>\n<p>Linija <strong>FLER:<\/strong><\/p>\n<p>Vedno elegantne nogavice iz\u00a0 programa FLER zagotavljajo vrhunsko kakovost na vsakem koraku\u00a0 in so nepogre\u0161ljive \u00a0spremljevalke\u00a0 sodobne \u017eenske. \u0160irok izbor je\u00a0 namenjen\u00a0 \u017eenskam, ki ob vsaki priliki vedo, kaj potrebujejo; naj si bo poleti ali pozimi, za celodneven urejen videz ali za posebne prilo\u017enosti<\/p>\n<p>Nudijo osnovno za\u0161\u010dito, udobnost in lep videz.<\/p>\n<p>Vsi uporabljeni materiali so zdravju in ko\u017ei prijazni. Oznaka EKO-TEX 100 kon\u010dnim uporabnikom predstavlja dodatne prednosti preverjene varnosti na ko\u017ei. Izdelki Polzela so okolju prijazni izdelki.<\/p>\n","protected":false},"excerpt":{"rendered":"<p><strong>Opis izdelka:<\/strong><\/p>\n<p>\u017denske hla\u010dne nogavice imajo oja\u010dan prstni del, ki vam daje brezskrbno uporabo skozi celoten dan. Aloe Vera pripomore k osve\u017eitvi in navla\u017eitvi ko\u017ee za mehko in gladko ko\u017eo.<\/p>\n<p>*Hla\u010dne nogavice so na voljo v omih barvah. Na fotografiji je prikazana le barva sahara.<\/p>\n<h2 style=\"text-align: justify\"><strong>POLZELA Fler Diana 15den<br \/>\n<\/strong><\/h2>\n<p>Oja\u010dan prstni del, ki vam daje brezskrbno uporabo skozi celoten dan. Aloe Vera pripomore k osve\u017eitvi in navla\u017eitvi ko\u017ee za mehko in gladko ko\u017eo.<\/p>\n<p>Satin Sheers tehnologija preje Lycra\u00ae, daje nogavici gladek in prosojen videz, nogavice imajo lastnost briljantnega sijaja in trajnega prileganja.<\/p>\n<p>Linija <strong>FLER:<\/strong><\/p>\n<p>Vedno elegantne nogavice iz\u00a0 programa FLER zagotavljajo vrhunsko kakovost na vsakem koraku\u00a0 in so nepogre\u0161ljive \u00a0spremljevalke\u00a0 sodobne \u017eenske. \u0160irok izbor je\u00a0 namenjen\u00a0 \u017eenskam, ki ob vsaki priliki vedo, kaj potrebujejo; naj si bo poleti ali pozimi, za celodneven urejen videz ali za posebne prilo\u017enosti<\/p>\n<p>Nudijo osnovno za\u0161\u010dito, udobnost in lep videz.<\/p>\n[caption id=\"attachment_1509\" align=\"alignleft\" width=\"70\"]<img loading=\"lazy\" decoding=\"async\" class=\"size-full wp-image-1509\" src=\"https:\/\/www.polzela.com\/si\/wp-content\/uploads\/sites\/2\/2016\/07\/SOFT-TOUCH-e1471331274468.jpg\" alt=\"SOFT TOUCH\" width=\"70\" height=\"70\" \/> Izjemno mehko[\/caption]\n[caption id=\"attachment_1535\" align=\"alignleft\" width=\"70\"]<img loading=\"lazy\" decoding=\"async\" class=\"wp-image-1535 size-full\" src=\"https:\/\/www.polzela.com\/si\/wp-content\/uploads\/sites\/2\/2016\/08\/COMFORT-ROBPAS-e1471331245423.jpg\" alt=\"Udoben pas\" width=\"70\" height=\"70\" \/> Udoben pas[\/caption]\n<p>&nbsp;<\/p>\n<p>&nbsp;<\/p>\n<p>&nbsp;<\/p>\n<p>&nbsp;<\/p>\n<p>&nbsp;<\/p>\n<p><strong>Sestava:<\/strong>\u00a090% Poliamid, 10% Elastan<\/p>\n","protected":false},"featured_media":7160,"comment_status":"open","ping_status":"closed","template":"","meta":{"om_disable_all_campaigns":false,"_monsterinsights_skip_tracking":false,"_monsterinsights_sitenote_active":false,"_monsterinsights_sitenote_note":"","_monsterinsights_sitenote_category":0},"product_cat":[42,374],"product_tag":[1140,890,857],"class_list":["post-1491","product","type-product","status-publish","has-post-thumbnail","hentry","product_cat-zenske","product_cat-hlacne-nogavice","product_tag-diana","product_tag-hlacne-nogavice","product_tag-polzela"],"bundled_by":[],"bundle_stock_status":"instock","bundle_stock_quantity":null,"bundle_virtual":false,"bundle_layout":"","bundle_add_to_cart_form_location":"","bundle_editable_in_cart":false,"bundle_sold_individually_context":"","bundle_item_grouping":"","bundle_min_size":"","bundle_max_size":"","bundled_items":[],"bundle_sell_ids":[],"aioseo_notices":[],"_links":{"self":[{"href":"https:\/\/www.polzela.com\/si\/wp-json\/wp\/v2\/product\/1491","targetHints":{"allow":["GET"]}}],"collection":[{"href":"https:\/\/www.polzela.com\/si\/wp-json\/wp\/v2\/product"}],"about":[{"href":"https:\/\/www.polzela.com\/si\/wp-json\/wp\/v2\/types\/product"}],"replies":[{"embeddable":true,"href":"https:\/\/www.polzela.com\/si\/wp-json\/wp\/v2\/comments?post=1491"}],"wp:featuredmedia":[{"embeddable":true,"href":"https:\/\/www.polzela.com\/si\/wp-json\/wp\/v2\/media\/7160"}],"wp:attachment":[{"href":"https:\/\/www.polzela.com\/si\/wp-json\/wp\/v2\/media?parent=1491"}],"wp:term":[{"taxonomy":"product_cat","embeddable":true,"href":"https:\/\/www.polzela.com\/si\/wp-json\/wp\/v2\/product_cat?post=1491"},{"taxonomy":"product_tag","embeddable":true,"href":"https:\/\/www.polzela.com\/si\/wp-json\/wp\/v2\/product_tag?post=1491"}],"curies":[{"name":"wp","href":"https:\/\/api.w.org\/{rel}","templated":true}]}}