{"id":1488,"date":"2020-08-30T13:10:22","date_gmt":"2020-08-30T11:10:22","guid":{"rendered":"https:\/\/www.polzela.com\/si\/?post_type=product&#038;p=1488"},"modified":"2026-05-12T13:55:45","modified_gmt":"2026-05-12T11:55:45","slug":"nogavica-comfort-low-waist-9122","status":"publish","type":"product","link":"https:\/\/www.polzela.com\/si\/product\/nogavica-comfort-low-waist-9122\/","title":{"rendered":"\u017denska hla\u010dna nogavica s poni\u017eanim pasom 20den (9122)"},"content":{"rendered":"<h2><strong>POLZELA Comfort Low waist 20den<br \/>\n<\/strong><\/h2>\n<ul>\n<li>Hla\u010dna nogavica s specialno pletenim vzor\u010dastim poni\u017eanim hla\u010dnim delom\u00a0 z udobnim \u0161irokim dvojno-enojnim robom<\/li>\n<li>Dol\u017eina nogavice je prosojna, mat videza, elasti\u010dna in se lepo prilega nogi<\/li>\n<li>Ploski \u0161iv v hla\u010dnem delu in bomba\u017eni v\u0161itek za udobje pri no\u0161enju<\/li>\n<\/ul>\n<p><strong>Linija Comfort <\/strong><\/p>\n<p>Linija visoko kakovostnih izdelkov, ki so pleteni iz naravnih ko\u017ei prijaznih materialov. Za popolno udobje in za\u0161\u010dito va\u0161ih nog. Omilite te\u017eave s kr\u010dnimi \u017eilami, celulitom in ujemite sve\u017e poletni ten na va\u0161ih nogah. Posebne kombinacije razli\u010dnih materialov hla\u010dnih nogavic in dokolenk\u00a0 varujejo va\u0161e noge in\u00a0 jim nudijo dodatno za\u0161\u010dito skupaj z lepim videzom. Negujte svoje noge in jim privo\u0161\u010dite le najbolj\u0161e, energijo in eleganco skozi ves dan z nogavicami Comfort.<\/p>\n<p>Vsi uporabljeni materiali so zdravju in ko\u017ei prijazni. Oznaka EKO-TEX 100 kon\u010dnim uporabnikom predstavlja dodatne prednosti preverjene varnosti na ko\u017ei. Izdelki Polzela so okolju prijazni izdelki.<\/p>\n","protected":false},"excerpt":{"rendered":"<p><strong>Opis izdelka:<\/strong><\/p>\n<p>\u017denska hla\u010dna nogavica s specialno pletenim vzor\u010dastim poni\u017eanim hla\u010dnim delom\u00a0 z udobnim \u0161irokim dvojno-enojnim robom. Dol\u017eina nogavice je prosojna, mat videza, elasti\u010dna in se lepo prilega nogi.<\/p>\n<p>*Hla\u010dne nogavice so na voljo v dveh\u00a0barvah: \u010crna, Puder.<\/p>\n<p><strong>Sestava:<\/strong> 92% Poliamid, 8% Elastan<\/p>\n[caption id=\"attachment_1535\" align=\"alignleft\" width=\"70\"]<img loading=\"lazy\" decoding=\"async\" class=\"size-full wp-image-1535\" src=\"https:\/\/www.polzela.com\/si\/wp-content\/uploads\/sites\/2\/2016\/08\/COMFORT-ROBPAS-e1471331245423.jpg\" alt=\"COMFORT ROB\/PAS\" width=\"70\" height=\"70\" \/> Udoben pas[\/caption]\n[caption id=\"attachment_1536\" align=\"alignleft\" width=\"70\"]<img loading=\"lazy\" decoding=\"async\" class=\"size-full wp-image-1536\" src=\"https:\/\/www.polzela.com\/si\/wp-content\/uploads\/sites\/2\/2016\/08\/BOMBAZNI-VSTAVEK-e1471331493832.jpg\" alt=\"BOMBAZNI VSTAVEK\" width=\"70\" height=\"70\" \/> Bomba\u017eni v\u0161itek[\/caption]\n<p>&nbsp;<\/p>\n<p>&nbsp;<\/p>\n<p>&nbsp;<\/p>\n<p>&nbsp;<\/p>\n<p>&nbsp;<\/p>\n","protected":false},"featured_media":9125,"comment_status":"open","ping_status":"closed","template":"","meta":{"om_disable_all_campaigns":false,"_monsterinsights_skip_tracking":false,"_monsterinsights_sitenote_active":false,"_monsterinsights_sitenote_note":"","_monsterinsights_sitenote_category":0},"product_cat":[42,374],"product_tag":[1333],"class_list":["post-1488","product","type-product","status-publish","has-post-thumbnail","hentry","product_cat-zenske","product_cat-hlacne-nogavice","product_tag-1333"],"bundled_by":[],"bundle_stock_status":"instock","bundle_stock_quantity":null,"bundle_virtual":false,"bundle_layout":"","bundle_add_to_cart_form_location":"","bundle_editable_in_cart":false,"bundle_sold_individually_context":"","bundle_item_grouping":"","bundle_min_size":"","bundle_max_size":"","bundled_items":[],"bundle_sell_ids":[],"aioseo_notices":[],"_links":{"self":[{"href":"https:\/\/www.polzela.com\/si\/wp-json\/wp\/v2\/product\/1488","targetHints":{"allow":["GET"]}}],"collection":[{"href":"https:\/\/www.polzela.com\/si\/wp-json\/wp\/v2\/product"}],"about":[{"href":"https:\/\/www.polzela.com\/si\/wp-json\/wp\/v2\/types\/product"}],"replies":[{"embeddable":true,"href":"https:\/\/www.polzela.com\/si\/wp-json\/wp\/v2\/comments?post=1488"}],"wp:featuredmedia":[{"embeddable":true,"href":"https:\/\/www.polzela.com\/si\/wp-json\/wp\/v2\/media\/9125"}],"wp:attachment":[{"href":"https:\/\/www.polzela.com\/si\/wp-json\/wp\/v2\/media?parent=1488"}],"wp:term":[{"taxonomy":"product_cat","embeddable":true,"href":"https:\/\/www.polzela.com\/si\/wp-json\/wp\/v2\/product_cat?post=1488"},{"taxonomy":"product_tag","embeddable":true,"href":"https:\/\/www.polzela.com\/si\/wp-json\/wp\/v2\/product_tag?post=1488"}],"curies":[{"name":"wp","href":"https:\/\/api.w.org\/{rel}","templated":true}]}}