{"id":1484,"date":"2021-08-08T09:23:34","date_gmt":"2021-08-08T07:23:34","guid":{"rendered":"https:\/\/www.polzela.com\/si\/?post_type=product&#038;p=1484"},"modified":"2026-01-15T07:39:55","modified_gmt":"2026-01-15T06:39:55","slug":"comort-glorija-9237","status":"publish","type":"product","link":"https:\/\/www.polzela.com\/si\/product\/comort-glorija-9237\/","title":{"rendered":"\u017denske mehke hla\u010dne nogavice Glorija 60den (9237)"},"content":{"rendered":"<h2><strong>POLZELA Comfort Glorija 60den<br \/>\n<\/strong><\/h2>\n<ul>\n<li>Mehke hla\u010dne nogavice za mo\u010dnej\u0161e postave velikosti 2-5 in vmesnimi.<\/li>\n<li>Namenjene so za hladne dni, ohranjajo konstantno toploto nog ne glede na zunanjo temperaturo.<\/li>\n<li>Dol\u017eina nogavic je normalne velikosti, hla\u010dni del je pove\u010dan z velikim vstavkom spredaj in zadaj.<\/li>\n<li>Ploski \u0161iv v hla\u010dnem delu, ki se pri no\u0161enju ne ob\u010duti<\/li>\n<li>Nogavice so pletene v gladki vezavi, zato so izredno mehke na dotik.<\/li>\n<li>Pobarvane so z neopore\u010dnimi kislimi barvili in obdelane s silikonskim meh\u010dalcem, ki daje dokolenki \u0161e mehkej\u0161i otip.<\/li>\n<\/ul>\n<p>Nogavice so izdelane iz posebne poliamidne preje Meryl Nexten \u2013 njeno vlakno je votlo s posebnim prerezom, kar pomeni, da je zaradi zraka v vlaknu dober toplotni izolator. Nogavica zaradi tega ohranja konstantno toploto, tudi v mrzlih dneh. Ker je preja votla so nogavice izredno lahke, do 30% la\u017eje kot nogavice iz enako debele preje navadnega poliamida.<\/p>\n<p>Poleg Meryla, je v dveh sistemih dodana \u0161e Lycra, ki daje nogavici bolj\u0161o elasti\u010dnost in s tem dober oprijem na nogi.<\/p>\n<p>Linija Comfort je linija visoko kakovostnih izdelkov, ki so pleteni iz naravnih ko\u017ei prijaznih materialov. Za popolno udobje in za\u0161\u010dito va\u0161ih nog. Omilite te\u017eave s kr\u010dnimi \u017eilami, celulitom in ujemite sve\u017e poletni ten na va\u0161ih nogah. Posebne kombinacije razli\u010dnih materialov hla\u010dnih nogavic in dokolenk\u00a0 varujejo va\u0161e noge in\u00a0 jim nudijo dodatno za\u0161\u010dito skupaj z lepim videzom. Negujte svoje noge in jim privo\u0161\u010dite le najbolj\u0161e, energijo in eleganco skozi ves dan z nogavicami Comfort.<\/p>\n<p>Vsi uporabljeni materiali so zdravju in ko\u017ei prijazni. Oznaka EKO-TEX 100 kon\u010dnim uporabnikom predstavlja dodatne prednosti preverjene varnosti na ko\u017ei. Izdelki Polzela so okolju prijazni izdelki.<\/p>\n<p><strong>Opis izdelka:<\/strong><\/p>\n<p>\u017denske mehke hla\u010dne nogavice za mo\u010dnej\u0161e postave velikosti 2-5 in vmesnimi. Namenjene so za hladne dni, ohranjajo konstantno toploto nog ne glede na zunanjo temperaturo.<\/p>\n<p><strong>Sestava:<\/strong> 96% Poliamid 4% Elastan<\/p>\n<p>POLZELA nogavice \u017eenske, mo\u0161ke, otro\u0161ke<\/p>\n","protected":false},"excerpt":{"rendered":"<p><strong>Opis izdelka:<\/strong><\/p>\n<p>\u017denske mehke hla\u010dne nogavice za mo\u010dnej\u0161e postave velikosti 2-5 in vmesnimi. Namenjene so za hladne dni, ohranjajo konstantno toploto nog ne glede na zunanjo temperaturo.<\/p>\n<p><strong>Sestava:<\/strong> 96% Poliamid 4% Elastan<\/p>\n[caption id=\"attachment_1510\" align=\"alignleft\" width=\"70\"]<img loading=\"lazy\" decoding=\"async\" class=\"size-full wp-image-1510\" src=\"https:\/\/www.polzela.com\/si\/wp-content\/uploads\/sites\/2\/2016\/07\/TERMOREGULATOR-e1471331269187.jpg\" alt=\"TERMOREGULATOR\" width=\"70\" height=\"70\" \/> Termoreg.[\/caption]\n[caption id=\"attachment_1509\" align=\"alignleft\" width=\"70\"]<img loading=\"lazy\" decoding=\"async\" class=\"size-full wp-image-1509\" src=\"https:\/\/www.polzela.com\/si\/wp-content\/uploads\/sites\/2\/2016\/07\/SOFT-TOUCH-e1471331274468.jpg\" alt=\"SOFT TOUCH\" width=\"70\" height=\"70\" \/> Izjemno mehko[\/caption]\n[caption id=\"attachment_1535\" align=\"alignleft\" width=\"70\"]<img loading=\"lazy\" decoding=\"async\" class=\"size-full wp-image-1535\" src=\"https:\/\/www.polzela.com\/si\/wp-content\/uploads\/sites\/2\/2016\/08\/COMFORT-ROBPAS-e1471331245423.jpg\" alt=\"COMFORT ROB\/PAS\" width=\"70\" height=\"70\" \/> Udoben pas[\/caption]\n","protected":false},"featured_media":2634,"comment_status":"open","ping_status":"closed","template":"","meta":{"om_disable_all_campaigns":false,"_monsterinsights_skip_tracking":false,"_monsterinsights_sitenote_active":false,"_monsterinsights_sitenote_note":"","_monsterinsights_sitenote_category":0},"product_cat":[374],"product_tag":[602,816],"class_list":["post-1484","product","type-product","status-publish","has-post-thumbnail","hentry","product_cat-hlacne-nogavice","product_tag-60-den","product_tag-den"],"bundled_by":[],"bundle_stock_status":"instock","bundle_stock_quantity":null,"bundle_virtual":false,"bundle_layout":"","bundle_add_to_cart_form_location":"","bundle_editable_in_cart":false,"bundle_sold_individually_context":"","bundle_item_grouping":"","bundle_min_size":"","bundle_max_size":"","bundled_items":[],"bundle_sell_ids":[],"aioseo_notices":[],"_links":{"self":[{"href":"https:\/\/www.polzela.com\/si\/wp-json\/wp\/v2\/product\/1484","targetHints":{"allow":["GET"]}}],"collection":[{"href":"https:\/\/www.polzela.com\/si\/wp-json\/wp\/v2\/product"}],"about":[{"href":"https:\/\/www.polzela.com\/si\/wp-json\/wp\/v2\/types\/product"}],"replies":[{"embeddable":true,"href":"https:\/\/www.polzela.com\/si\/wp-json\/wp\/v2\/comments?post=1484"}],"wp:featuredmedia":[{"embeddable":true,"href":"https:\/\/www.polzela.com\/si\/wp-json\/wp\/v2\/media\/2634"}],"wp:attachment":[{"href":"https:\/\/www.polzela.com\/si\/wp-json\/wp\/v2\/media?parent=1484"}],"wp:term":[{"taxonomy":"product_cat","embeddable":true,"href":"https:\/\/www.polzela.com\/si\/wp-json\/wp\/v2\/product_cat?post=1484"},{"taxonomy":"product_tag","embeddable":true,"href":"https:\/\/www.polzela.com\/si\/wp-json\/wp\/v2\/product_tag?post=1484"}],"curies":[{"name":"wp","href":"https:\/\/api.w.org\/{rel}","templated":true}]}}