{"id":1479,"date":"2023-08-08T08:14:10","date_gmt":"2023-08-08T06:14:10","guid":{"rendered":"https:\/\/www.polzela.com\/si\/?post_type=product&#038;p=1479"},"modified":"2026-04-10T20:47:09","modified_gmt":"2026-04-10T18:47:09","slug":"1479","status":"publish","type":"product","link":"https:\/\/www.polzela.com\/si\/product\/1479\/","title":{"rendered":"\u017denske hla\u010dne nogavice Push-up 20den (8220)"},"content":{"rendered":"<h2><strong>POLZELA Comfort Push-up 2den<br \/>\n<\/strong><\/h2>\n<p>Push up so elegantne hla\u010dne nogavice za oblikovanje postave v predelu trebuha in bokov \u2013 za popoln izgled va\u0161e postave.<\/p>\n<ul>\n<li>Prosojne nogavice so elegantnega mat videza s specialno konstrukcijo hla\u010dnega dela \u2013 push up, ki oblikuje postavo, ustvari ploski trebuh, privzdigne zadnjico in stisne zgornji del stegen in bokov.<\/li>\n<li>Ploski \u0161iv v hla\u010dnem delu, ki se pri no\u0161enju ne ob\u010duti<\/li>\n<li>Bomba\u017eni vstavek omogo\u010da dobro prileganje.<\/li>\n<li>Nogavice so pletene v normalni gladki vezavi (v dveh sistemih je gladka poliamidna preja, v dveh sistemih pa elastanska preja ovita s poliamidno prejo, zaradi \u010desar se odli\u010dno prilega nogi, je izredno elasti\u010dna in udobna).<\/li>\n<\/ul>\n<p>Linija Comfort je linija visoko kakovostnih izdelkov, ki so pleteni iz naravnih ko\u017ei prijaznih materialov. Za popolno udobje in za\u0161\u010dito va\u0161ih nog. Omilite te\u017eave s kr\u010dnimi \u017eilami, celulitom in ujemite sve\u017e poletni ten na va\u0161ih nogah. Posebne kombinacije razli\u010dnih materialov hla\u010dnih nogavic in dokolenk\u00a0 varujejo va\u0161e noge in\u00a0 jim nudijo dodatno za\u0161\u010dito skupaj z lepim videzom. Negujte svoje noge in jim privo\u0161\u010dite le najbolj\u0161e, energijo in eleganco skozi ves dan z nogavicami Comfort.<\/p>\n<p>Vsi uporabljeni materiali so zdravju in ko\u017ei prijazni. Oznaka EKO-TEX 100 kon\u010dnim uporabnikom predstavlja dodatne prednosti preverjene varnosti na ko\u017ei. Izdelki Polzela so okolju prijazni izdelki.<\/p>\n","protected":false},"excerpt":{"rendered":"<p><strong>Opis izdelka:<\/strong><\/p>\n<p>Te nogavice so najbolj\u0161a izbira (nenadomestljive) za vse \u017eenske, ki \u017eelijo\u00a0svojo obliko telesa v trenutku narediti vizualno vitkej\u0161o. Preizkusite jih in bodite \u010dudoviti.<\/p>\n<p>\u017denske hla\u010dne nogavice. Prosojne nogavice so elegantnega mat videza s specialno konstrukcijo hla\u010dnega dela \u2013 push up, ki oblikuje postavo, ustvari ploski trebuh, privzdigne zadnjico in stisne zgornji del stegen in bokov.<\/p>\n<p>*Nogavice so na voljo v petih barvah. Fotografija prikazuje izdelek v barvi Puder.<\/p>\n<p><strong>Sestava<\/strong>: 81% Poliamid, 19% Elastan<\/p>\n<p>Push up so elegantne hla\u010dne nogavice za oblikovanje postave v predelu trebuha in bokov \u2013 za popoln izgled va\u0161e postave.<\/p>\n<ul>\n<li>Prosojne nogavice so elegantnega mat videza s specialno konstrukcijo hla\u010dnega dela \u2013 push up, ki oblikuje postavo, ustvari ploski trebuh, privzdigne zadnjico in stisne zgornji del stegen in bokov.<\/li>\n<li>Ploski \u0161iv v hla\u010dnem delu, ki se pri no\u0161enju ne ob\u010duti<\/li>\n<li>Bomba\u017eni vstavek omogo\u010da dobro prileganje.<\/li>\n<li>Nogavice so pletene v normalni gladki vezavi (v dveh sistemih je gladka poliamidna preja, v dveh sistemih pa elastanska preja ovita s poliamidno prejo, zaradi \u010desar se odli\u010dno prilega nogi, je izredno elasti\u010dna in udobna).<\/li>\n<\/ul>\n[caption id=\"attachment_2345\" align=\"alignleft\" width=\"70\"]<img loading=\"lazy\" decoding=\"async\" class=\"wp-image-2345\" src=\"https:\/\/www.polzela.com\/si\/wp-content\/uploads\/sites\/2\/2016\/09\/COTTON-300x300.png\" alt=\"Bomba\u017e\" width=\"70\" height=\"70\" srcset=\"https:\/\/www.polzela.com\/si\/wp-content\/uploads\/sites\/2\/2016\/09\/COTTON-300x300.png 300w, https:\/\/www.polzela.com\/si\/wp-content\/uploads\/sites\/2\/2016\/09\/COTTON-150x150.png 150w, https:\/\/www.polzela.com\/si\/wp-content\/uploads\/sites\/2\/2016\/09\/COTTON-90x90.png 90w, https:\/\/www.polzela.com\/si\/wp-content\/uploads\/sites\/2\/2016\/09\/COTTON.png 700w\" sizes=\"auto, (max-width: 70px) 100vw, 70px\" \/> Bomba\u017eni vstavek[\/caption]\n[caption id=\"attachment_1539\" align=\"alignleft\" width=\"70\"]<img loading=\"lazy\" decoding=\"async\" class=\"wp-image-1539 size-full\" src=\"https:\/\/www.polzela.com\/si\/wp-content\/uploads\/sites\/2\/2016\/08\/PUSH-UP-e1471333836845.jpg\" alt=\"Push-up\" width=\"70\" height=\"70\" \/> Push-up[\/caption]\n[caption id=\"attachment_1535\" align=\"alignleft\" width=\"70\"]<img loading=\"lazy\" decoding=\"async\" class=\"wp-image-1535 size-full\" src=\"https:\/\/www.polzela.com\/si\/wp-content\/uploads\/sites\/2\/2016\/08\/COMFORT-ROBPAS-e1471331245423.jpg\" alt=\"Udoben pas\" width=\"70\" height=\"70\" \/> Udoben pas[\/caption]\n<p>&nbsp;<\/p>\n<p>&nbsp;<\/p>\n<p>&nbsp;<\/p>\n<p>&nbsp;<\/p>\n<p>&nbsp;<\/p>\n","protected":false},"featured_media":9105,"comment_status":"open","ping_status":"closed","template":"","meta":{"om_disable_all_campaigns":false,"_monsterinsights_skip_tracking":false,"_monsterinsights_sitenote_active":false,"_monsterinsights_sitenote_note":"","_monsterinsights_sitenote_category":0},"product_cat":[42,374],"product_tag":[890],"class_list":["post-1479","product","type-product","status-publish","has-post-thumbnail","hentry","product_cat-zenske","product_cat-hlacne-nogavice","product_tag-hlacne-nogavice"],"bundled_by":[],"bundle_stock_status":"instock","bundle_stock_quantity":null,"bundle_virtual":false,"bundle_layout":"","bundle_add_to_cart_form_location":"","bundle_editable_in_cart":false,"bundle_sold_individually_context":"","bundle_item_grouping":"","bundle_min_size":"","bundle_max_size":"","bundled_items":[],"bundle_sell_ids":[],"aioseo_notices":[],"_links":{"self":[{"href":"https:\/\/www.polzela.com\/si\/wp-json\/wp\/v2\/product\/1479","targetHints":{"allow":["GET"]}}],"collection":[{"href":"https:\/\/www.polzela.com\/si\/wp-json\/wp\/v2\/product"}],"about":[{"href":"https:\/\/www.polzela.com\/si\/wp-json\/wp\/v2\/types\/product"}],"replies":[{"embeddable":true,"href":"https:\/\/www.polzela.com\/si\/wp-json\/wp\/v2\/comments?post=1479"}],"wp:featuredmedia":[{"embeddable":true,"href":"https:\/\/www.polzela.com\/si\/wp-json\/wp\/v2\/media\/9105"}],"wp:attachment":[{"href":"https:\/\/www.polzela.com\/si\/wp-json\/wp\/v2\/media?parent=1479"}],"wp:term":[{"taxonomy":"product_cat","embeddable":true,"href":"https:\/\/www.polzela.com\/si\/wp-json\/wp\/v2\/product_cat?post=1479"},{"taxonomy":"product_tag","embeddable":true,"href":"https:\/\/www.polzela.com\/si\/wp-json\/wp\/v2\/product_tag?post=1479"}],"curies":[{"name":"wp","href":"https:\/\/api.w.org\/{rel}","templated":true}]}}