{"id":1473,"date":"2023-07-29T12:25:30","date_gmt":"2023-07-29T10:25:30","guid":{"rendered":"https:\/\/www.polzela.com\/si\/?post_type=product&#038;p=1473"},"modified":"2026-03-20T09:20:18","modified_gmt":"2026-03-20T08:20:18","slug":"comfort-extra-warm-5600","status":"publish","type":"product","link":"https:\/\/www.polzela.com\/si\/product\/comfort-extra-warm-5600\/","title":{"rendered":"Dokolenke Extra Warm 60den (5600)"},"content":{"rendered":"<h2 style=\"text-align: left\"><strong>POLZELA Comfort Extra warm 60den<br \/>\n<\/strong><\/h2>\n<ul>\n<li>Dokolenke so namenjene za hladne dni, ki ohranjajo konstantno toploto nog ne glede na zunanjo temperaturo.<\/li>\n<li>Izdelane so iz posebne poliamidne preje Meryl Nexten \u2013 njeno vlakno je votlo s posebnim prerezom, kar pomeni, da je zaradi zraka v vlaknu dober toplotni izolator. Nogavica zaradi tega ohranja konstantno toploto, tudi v mrzlih dneh.<\/li>\n<li>Ker je preja votla so nogavice izredno lahke, do 30% la\u017eje kot nogavice iz enako debele preje navadnega poliamida.<\/li>\n<li>Na otip so izredno mehke, pletene v gladki vezavi. Pobarvane so z neopore\u010dnimi kislimi barvili in obdelane s silikonskim meh\u010dalcem, ki daje dokolenki \u0161e bolj mehak otip.<\/li>\n<\/ul>\n<p>Poleg Meryla, je v dveh sistemih dodana \u0161e Lycra, ki daje dokolenki bolj\u0161o elasti\u010dnost in s tem dober oprijem na nogi.<\/p>\n<p>Izdelane so iz posebne poliamidne preje Meryl Nexten \u2013 njeno vlakno je votlo s posebnim prerezom, kar pomeni, da je zaradi zraka v vlaknu dober toplotni izolator. Nogavica zaradi tega ohranja konstantno toploto, tudi v mrzlih dneh.<\/p>\n<p><strong>Linija Comfort <\/strong><\/p>\n<p>Linija visoko kakovostnih izdelkov, ki so pleteni iz naravnih ko\u017ei prijaznih materialov. Za popolno udobje in za\u0161\u010dito va\u0161ih nog. Omilite te\u017eave s kr\u010dnimi \u017eilami, celulitom in ujemite sve\u017e poletni ten na va\u0161ih nogah. Posebne kombinacije razli\u010dnih materialov hla\u010dnih nogavic in dokolenk\u00a0 varujejo va\u0161e noge in\u00a0 jim nudijo dodatno za\u0161\u010dito skupaj z lepim videzom. Negujte svoje noge in jim privo\u0161\u010dite le najbolj\u0161e, energijo in eleganco skozi ves dan z nogavicami Comfort.<\/p>\n<p>Vsi uporabljeni materiali so zdravju in ko\u017ei prijazni. Oznaka EKO-TEX 100 kon\u010dnim uporabnikom predstavlja dodatne prednosti preverjene varnosti na ko\u017ei. Izdelki Polzela so okolju prijazni izdelki.<\/p>\n","protected":false},"excerpt":{"rendered":"<p><strong>Opis Izdelka:<\/strong><\/p>\n<p>Dokolenke so namenjene za hladne dni, ohranjajo konstantno toploto nog ne glede na zunanjo temperaturo.\u00a0Ker je preja votla so nogavice izredno lahke, do 30% la\u017eje kot nogavice iz enako debele preje navadnega poliamida.\u00a0Na otip so izredno mehke, pletene v gladki vezavi.<\/p>\n<p>Dokolenke so na voljo v \u0161estih barvah. Fotografije prikazuje le barvo Mandelj.<\/p>\n[caption id=\"attachment_1509\" align=\"alignleft\" width=\"70\"]<img loading=\"lazy\" decoding=\"async\" class=\"size-full wp-image-1509\" src=\"https:\/\/www.polzela.com\/si\/wp-content\/uploads\/sites\/2\/2016\/07\/SOFT-TOUCH-e1471331274468.jpg\" alt=\"SOFT TOUCH\" width=\"70\" height=\"70\" \/> Izjemno mehko[\/caption]\n[caption id=\"attachment_1510\" align=\"alignleft\" width=\"70\"]<img loading=\"lazy\" decoding=\"async\" class=\"size-full wp-image-1510\" src=\"https:\/\/www.polzela.com\/si\/wp-content\/uploads\/sites\/2\/2016\/07\/TERMOREGULATOR-e1471331269187.jpg\" alt=\"TERMOREGULATOR\" width=\"70\" height=\"70\" \/> Termoreg.[\/caption]\n<p>&nbsp;<\/p>\n<p>&nbsp;<\/p>\n<p>&nbsp;<\/p>\n<p>&nbsp;<\/p>\n<p><strong>Surovinska sestava:<\/strong> 90% Poliamid 4% Elastan<\/p>\n<p><strong>Vzdr\u017eevanje:<\/strong> Kr\u010denje do 3%.<\/p>\n","protected":false},"featured_media":40847,"comment_status":"open","ping_status":"closed","template":"","meta":{"om_disable_all_campaigns":false,"_monsterinsights_skip_tracking":false,"_monsterinsights_sitenote_active":false,"_monsterinsights_sitenote_note":"","_monsterinsights_sitenote_category":0},"product_cat":[42,373],"product_tag":[602,748,857],"class_list":["post-1473","product","type-product","status-publish","has-post-thumbnail","hentry","product_cat-zenske","product_cat-zenske-nogavice","product_tag-60-den","product_tag-dokolenke","product_tag-polzela"],"bundled_by":[],"bundle_stock_status":"instock","bundle_stock_quantity":null,"bundle_virtual":false,"bundle_layout":"","bundle_add_to_cart_form_location":"","bundle_editable_in_cart":false,"bundle_sold_individually_context":"","bundle_item_grouping":"","bundle_min_size":"","bundle_max_size":"","bundled_items":[],"bundle_sell_ids":[],"aioseo_notices":[],"_links":{"self":[{"href":"https:\/\/www.polzela.com\/si\/wp-json\/wp\/v2\/product\/1473","targetHints":{"allow":["GET"]}}],"collection":[{"href":"https:\/\/www.polzela.com\/si\/wp-json\/wp\/v2\/product"}],"about":[{"href":"https:\/\/www.polzela.com\/si\/wp-json\/wp\/v2\/types\/product"}],"replies":[{"embeddable":true,"href":"https:\/\/www.polzela.com\/si\/wp-json\/wp\/v2\/comments?post=1473"}],"wp:featuredmedia":[{"embeddable":true,"href":"https:\/\/www.polzela.com\/si\/wp-json\/wp\/v2\/media\/40847"}],"wp:attachment":[{"href":"https:\/\/www.polzela.com\/si\/wp-json\/wp\/v2\/media?parent=1473"}],"wp:term":[{"taxonomy":"product_cat","embeddable":true,"href":"https:\/\/www.polzela.com\/si\/wp-json\/wp\/v2\/product_cat?post=1473"},{"taxonomy":"product_tag","embeddable":true,"href":"https:\/\/www.polzela.com\/si\/wp-json\/wp\/v2\/product_tag?post=1473"}],"curies":[{"name":"wp","href":"https:\/\/api.w.org\/{rel}","templated":true}]}}