{"id":12563,"date":"2020-12-07T15:38:52","date_gmt":"2020-12-07T14:38:52","guid":{"rendered":"https:\/\/www.polzela.com\/si\/?post_type=product&#038;p=12563"},"modified":"2024-03-06T15:37:38","modified_gmt":"2024-03-06T14:37:38","slug":"virtualna-darilna-kartica-2","status":"publish","type":"product","link":"https:\/\/www.polzela.com\/si\/product\/virtualna-darilna-kartica-2\/","title":{"rendered":"Virtualna darilna kartica"},"content":{"rendered":"","protected":false},"excerpt":{"rendered":"<p><strong>Virtualna darilna kartica<\/strong><\/p>\n<p>Ta modni pribolj\u0161ek bo poslan neposredno v njeno mapo \u00bbPrejeto\u00ab &#8211; kot nala\u0161\u010d, \u010de i\u0161\u010dete darilo v zadnjem trenutku. Ni potrebe po po\u0161iljanju ali fizi\u010dnem naslovu &#8211; samo izberite \u017eeleni znesek in se odpravite naravnost na blagajno.<\/p>\n<p>Pri nas lahko naro\u010dite darilno kartico v vrednosti 5\u20ac, 10\u20ac, 20 \u20ac, 50 \u20ac, 95\u20ac in 100 \u20ac. Darilna kartica je veljavna 12 mesecev.<\/p>\n<p>Za izbrani znesek na darilni kartici lahko izberete katere koli artikle v na\u0161i spletni trgovin polzela.com.<\/p>\n<p>&nbsp;<\/p>\n<p><strong>Pravila pri uporabi darilnih kartic.<\/strong><\/p>\n<p class=\"_04xlpA direction-ltr align-start para-style-body\"><span class=\"JsGRdQ\">Za izbrani znesek na darilni kartici lahko izberete katere koli artikle v na\u0161i spletni trgovini\u00a0polzela.com.<\/span><\/p>\n<p class=\"_04xlpA direction-ltr align-start para-style-body\"><span class=\"JsGRdQ\">Pri ogledu naro\u010dila v ko\u0161arici morate v polje \u00bbImate darilno kartico?\u00ab vnesti \u0161tevilko darilne kartice in klikniti \u00bbUporabi.<\/span><\/p>\n<p class=\"_04xlpA direction-ltr align-start para-style-body\"><span class=\"JsGRdQ\">\u010ce skupni znesek naro\u010dila presega vrednost darilne kartice, bo moral uporabnik darilne kartice manjkajo\u010di znesek pla\u010dati z ban\u010dno transakcijo, kreditno kartico ali ra\u010dunom.<\/span><\/p>\n<p class=\"_04xlpA direction-ltr align-start para-style-body\"><span class=\"JsGRdQ\">\u010ce je znesek nakupa ni\u017eji od vrednosti darilne kartice, se preostanek denarja ne povrne.<\/span><\/p>\n<p class=\"_04xlpA direction-ltr align-start para-style-body\"><span class=\"JsGRdQ\">Darilne kartice ni mogo\u010de zamenjati za denar.<\/span><\/p>\n<p>&nbsp;<\/p>\n<p>&nbsp;<\/p>\n<p>&nbsp;<\/p>\n<p>&nbsp;<\/p>\n","protected":false},"featured_media":27862,"comment_status":"open","ping_status":"closed","template":"","meta":{"om_disable_all_campaigns":false,"_monsterinsights_skip_tracking":false,"_monsterinsights_sitenote_active":false,"_monsterinsights_sitenote_note":"","_monsterinsights_sitenote_category":0},"product_cat":[38,42],"product_tag":[901],"class_list":["post-12563","product","type-product","status-publish","has-post-thumbnail","hentry","product_cat-moski","product_cat-zenske","product_tag-gift-card"],"bundled_by":[],"bundle_stock_status":"instock","bundle_stock_quantity":null,"bundle_virtual":false,"bundle_layout":"","bundle_add_to_cart_form_location":"","bundle_editable_in_cart":false,"bundle_sold_individually_context":"","bundle_item_grouping":"","bundle_min_size":"","bundle_max_size":"","bundled_items":[],"bundle_sell_ids":[],"aioseo_notices":[],"_links":{"self":[{"href":"https:\/\/www.polzela.com\/si\/wp-json\/wp\/v2\/product\/12563","targetHints":{"allow":["GET"]}}],"collection":[{"href":"https:\/\/www.polzela.com\/si\/wp-json\/wp\/v2\/product"}],"about":[{"href":"https:\/\/www.polzela.com\/si\/wp-json\/wp\/v2\/types\/product"}],"replies":[{"embeddable":true,"href":"https:\/\/www.polzela.com\/si\/wp-json\/wp\/v2\/comments?post=12563"}],"wp:featuredmedia":[{"embeddable":true,"href":"https:\/\/www.polzela.com\/si\/wp-json\/wp\/v2\/media\/27862"}],"wp:attachment":[{"href":"https:\/\/www.polzela.com\/si\/wp-json\/wp\/v2\/media?parent=12563"}],"wp:term":[{"taxonomy":"product_cat","embeddable":true,"href":"https:\/\/www.polzela.com\/si\/wp-json\/wp\/v2\/product_cat?post=12563"},{"taxonomy":"product_tag","embeddable":true,"href":"https:\/\/www.polzela.com\/si\/wp-json\/wp\/v2\/product_tag?post=12563"}],"curies":[{"name":"wp","href":"https:\/\/api.w.org\/{rel}","templated":true}]}}