{"id":5625,"date":"2018-05-25T08:38:01","date_gmt":"2018-05-25T06:38:01","guid":{"rendered":"https:\/\/www.polzela.com\/si\/?page_id=5625"},"modified":"2018-05-25T08:38:01","modified_gmt":"2018-05-25T06:38:01","slug":"vec-o-piskotih","status":"publish","type":"page","link":"https:\/\/www.polzela.com\/si\/vec-o-piskotih\/","title":{"rendered":"Ve\u010d o pi\u0161kotih"},"content":{"rendered":"<p>Na\u00a0spletnem mestu in trgovini Polzela\u00a0\u017eelimo vsakemu\u00a0obiskovalcu zagotoviti aktualne in zanje pomembne informacije. Na podlagi poznavanja interesa in vsebin,\u00a0ki obiskovalce zanimajo, lahko ponudimo bolj\u0161o uporabni\u0161ko izku\u0161njo in najbolj \u017eeljene\u00a0vsebine.<\/p>\n<p>Pi\u0161kotki so male besedilne datoteke, ki jih ve\u010dina spletnih mest shrani v naprave obiskovalcev, s katerimi dostopajo do interneta. Namen pi\u0161kotkov je prepoznavanje posameznih naprav, ki so jih obiskovalci\u00a0uporabili pri dostopu do spletnega mesta. Njihovo shranjevanje je pod popolnim nadzorom spletnega brskalnika, ki ga obiskovalec uporablja, kar pomeni, da lahko obiskovalec\u00a0shranjevanje pi\u0161kotkov po \u017eelji omeji ali pa popolnoma onemogo\u010di.<\/p>\n<p>Ta spletna stran vsebuje t.i.\u00a0<strong>obvezne pi\u0161kotke (Cookies)<\/strong>\u00a0zaradi uresni\u010devanja namena nemotenega delovanja strani. S strinjanjem uporabe\u00a0<strong>statisti\u010dnih pi\u0161kotkov<\/strong>\u00a0dovoljujete spremljanje statistike obiska spletne strani, va\u0161i podatki (naslov internetnega protokola, identifikatorji pi\u0161kotkov) bodo lahko uporabljeni tudi za ponovno tr\u017eenje.<\/p>\n<p>Upravljavec podatkov je POLZELA tovarna nogavic, d.o.o. &#8211; v ste\u010daju, Cvetli\u010dna ulica 3, 3313 Polzela, Slovenija.<br \/>\nStrinjanje lahko kadarkoli prekli\u010dete.<br \/>\nStre\u017enik, na katerem se nahaja ta spletna stran, je ustrezno zavarovan.<\/p>\n<table style=\"height: 431px;\" border=\"1\" width=\"691\">\n<tbody>\n<tr>\n<td><b>Ime pi\u0161kotka<\/b><\/td>\n<td><b>Uporaba<\/b><\/td>\n<td><b>Potek<\/b><\/td>\n<\/tr>\n<tr>\n<td>frontend<\/td>\n<td>Id uporabnikove seje<\/td>\n<td>seja<\/td>\n<\/tr>\n<tr>\n<td>frontend_cid<\/td>\n<td>Id uporabnikove seje ob vstopu na varno domeno<\/td>\n<td>seja<\/td>\n<\/tr>\n<tr>\n<td>external_no_cache<\/td>\n<td>Nastavitve spletne strani<\/td>\n<td>seja<\/td>\n<\/tr>\n<tr>\n<td>_ga<\/td>\n<td>Google Analytics \u2013 statistika ogledov strani<\/td>\n<td>seja<\/td>\n<\/tr>\n<tr>\n<td>_gat<\/td>\n<td>Google Analytics \u2013 statistika ogledov strani<\/td>\n<td>2 leti<\/td>\n<\/tr>\n<tr>\n<td>_gid<\/td>\n<td>Google Analytics \u2013 statistika ogledov strani<\/td>\n<td>seja<\/td>\n<\/tr>\n<tr>\n<td>cc_advertising<\/td>\n<td>Ozna\u010duje, \u010de se uporabnik strinja z uporabo ogla\u0161evalskih pi\u0161kotkov<\/td>\n<td>1 dan<\/td>\n<\/tr>\n<tr>\n<td>cc_analytics<\/td>\n<td>Ozna\u010duje, \u010de se uporabnik strinja z uporabo pi\u0161kotkov za namene analiz<\/td>\n<td>1 leto<\/td>\n<\/tr>\n<tr>\n<td>cc_necessary<\/td>\n<td>Pi\u0161kotki, ki so potrebni za delovanje strani<\/td>\n<td>1 leto<\/td>\n<\/tr>\n<tr>\n<td>cc_other<\/td>\n<td>Ozna\u010duje, \u010de se uporabnik strinja z uporabo ostalih pi\u0161kotkov<\/td>\n<td>1 leto<\/td>\n<\/tr>\n<tr>\n<td>cc_social<\/td>\n<td>Ozna\u010duje, \u010de se uporabnik strinja z uporabo pi\u0161kotkov za dru\u017eabne strani<\/td>\n<td>1 leto<\/td>\n<\/tr>\n<tr>\n<td>confirmedlocation<\/td>\n<td>Ozna\u010duje, \u010de se uporabnik strinja s shranjevanjem lokacije dr\u017eave, iz katere dostopa do strani.<\/td>\n<td>1 teden<\/td>\n<\/tr>\n<tr>\n<td>_cfduid<\/td>\n<td>Cloudflare varnostne nastavitve<\/td>\n<td>seja<\/td>\n<\/tr>\n<\/tbody>\n<\/table>\n<p><strong>OBVEZNI PI\u0160KOTKI<\/strong><br \/>\nStrinjanje je avtomatsko, saj so pi\u0161kotki obvezni za delovanje strani in z njimi ne zbiramo nobenih osebnih podatkov o obiskovalcih spletne strani.<\/p>\n<p><strong>STATISTI\u010cNI PI\u0160KOTKI<\/strong><br \/>\nS strinjanjem dovoljujete spremljanje statistike obiska spletne strani, va\u0161i podatki (naslov internetnega protokola, identifikatorji pi\u0161kotkov) bodo lahko uporabljeni tudi za ponovno tr\u017eenje.<\/p>\n","protected":false},"excerpt":{"rendered":"<p>Na\u00a0spletnem mestu in trgovini Polzela\u00a0\u017eelimo vsakemu\u00a0obiskovalcu zagotoviti aktualne in zanje pomembne informacije. Na podlagi poznavanja interesa in vsebin,\u00a0ki obiskovalce zanimajo, lahko ponudimo bolj\u0161o uporabni\u0161ko izku\u0161njo in najbolj \u017eeljene\u00a0vsebine. Pi\u0161kotki so male besedilne datoteke, ki jih ve\u010dina spletnih mest shrani v naprave obiskovalcev, s katerimi dostopajo do interneta. Namen pi\u0161kotkov je prepoznavanje posameznih naprav, ki so [&hellip;]<\/p>\n","protected":false},"author":9,"featured_media":0,"parent":0,"menu_order":0,"comment_status":"closed","ping_status":"closed","template":"","meta":{"om_disable_all_campaigns":false,"_monsterinsights_skip_tracking":false,"_monsterinsights_sitenote_active":false,"_monsterinsights_sitenote_note":"","_monsterinsights_sitenote_category":0,"footnotes":""},"class_list":["post-5625","page","type-page","status-publish","hentry"],"aioseo_notices":[],"_links":{"self":[{"href":"https:\/\/www.polzela.com\/si\/wp-json\/wp\/v2\/pages\/5625","targetHints":{"allow":["GET"]}}],"collection":[{"href":"https:\/\/www.polzela.com\/si\/wp-json\/wp\/v2\/pages"}],"about":[{"href":"https:\/\/www.polzela.com\/si\/wp-json\/wp\/v2\/types\/page"}],"author":[{"embeddable":true,"href":"https:\/\/www.polzela.com\/si\/wp-json\/wp\/v2\/users\/9"}],"replies":[{"embeddable":true,"href":"https:\/\/www.polzela.com\/si\/wp-json\/wp\/v2\/comments?post=5625"}],"version-history":[{"count":0,"href":"https:\/\/www.polzela.com\/si\/wp-json\/wp\/v2\/pages\/5625\/revisions"}],"wp:attachment":[{"href":"https:\/\/www.polzela.com\/si\/wp-json\/wp\/v2\/media?parent=5625"}],"curies":[{"name":"wp","href":"https:\/\/api.w.org\/{rel}","templated":true}]}}