{"id":5618,"date":"2018-05-25T08:20:02","date_gmt":"2018-05-25T06:20:02","guid":{"rendered":"https:\/\/www.polzela.com\/si\/?page_id=5618"},"modified":"2018-11-16T14:53:13","modified_gmt":"2018-11-16T13:53:13","slug":"pravilnik-o-zasebnosti","status":"publish","type":"page","link":"https:\/\/www.polzela.com\/si\/pravilnik-o-zasebnosti\/","title":{"rendered":"Pravilnik o zasebnosti"},"content":{"rendered":"<p><strong>Kak\u0161ne podatke zbiramo?<\/strong><\/p>\n<p>SIREKAR nogavice, d.o.o., Trg republike 3, 1000 Ljubljana (v nadaljevanju: SIREKAR nogavice, d.o.o.,) zbira slede\u010de osebne podatke za potrebe poslovanja: ime in priimek, naslov in kraj bivanja, naslov elektronske po\u0161te, kontaktno telefonsko \u0161tevilko, geslo v \u0161ifrirani obliki ter ostale podatke, ki jih uporabniki vnesete v obrazce na spletnem mestu Polzela.com. SIREKAR nogavice, d.o.o., ne odgovarja za to\u010dnost podatkov, ki jih vnese uporabnik. Za zagotavljanje varnosti in dokazljivosti se zbirajo tudi IP naslovi, iz katerih uporabniki dostopajo do spletnega mesta. Posameznemu uporabniku je ob za\u010detku obiska dodeljen sejni pi\u0161kotek za identifikacijo in spremljanje nakupovalne ko\u0161arice.\u00a0SIREKAR nogavice, d.o.o., lahko na uporabnikov ra\u010dunalnik shrani tudi druge pi\u0161kotke, kot so identifikacijska \u0161tevilka uporabnika v \u0161ifrirani obliki (za prepoznavanje uporabnika ob naslednjem obisku) in pi\u0161kotki sistema Google Analytics (analiza obiskov spletne strani). Sejni pi\u0161kotki se v pomnilnik stre\u017enika shranjujejo le za \u010das trajanja obiska in se izbri\u0161ejo po eni uri neaktivnosti, trajni pi\u0161kotki pa so shranjeni na ra\u010dunalniku obiskovalca 2 leti, potem postanejo neaktivni. Preverite seznam uporabljenih\u00a0<a href=\"https:\/\/www.polzela.com\/si\/vec-o-piskotih\/\">PI\u0160KOTKOV.\u00a0<\/a><\/p>\n<p>Na\u010din in namen obdelave osebnih podatkov<\/p>\n<p>Z uporabo spletnega mesta Polzela.com se uporabnik strinja z vsakokratno veljavnimi pravili in splo\u0161nimi pogoji, objavljenimi na tem spletnem mestu. Na tem mestu lahko uporabnik redno spremlja morebitne spremembe splo\u0161nih pogojev in pravil ter posledi\u010dno na\u010din in namen obdelave zbranih osebnih podatkov.<\/p>\n<p>SIREKAR nogavice, d.o.o., kot upravljavec podatkov lahko te v anonimizirani sumarni obliki uporabi za namene statisti\u010dnih analiz. Podatkov o uporabnikih SIREKAR nogavice, d.o.o., v nobenem primeru ne bo predala nepoobla\u0161\u010denim osebam.<\/p>\n<p><strong>Prijava na e-novice:<\/strong><\/p>\n<p>Uporabniki se lahko prijavijo na e-novice, s katerimi jih SIREKAR nogavice, d.o.o., do preklica obve\u0161\u010da o novostih v ponudbi na spletu in ostalih prodajnih mestih, o marketin\u0161kih aktivnostih in drugih promocijah. S prijavo na e-novice se uporabnik vpi\u0161e v seznam prejemnikov e-novic, ki je isto\u010dasno tudi baza prejemnikov ugodnosti, ki jih\u00a0Polzela.com nudi svojim uporabnikom (popusti za zvestobo, mese\u010dna nagradna igra \u2026). Za prijavo na e-novice\u00a0SIREKAR nogavice, d.o.o., zbira slede\u010de podatke: e-naslov, IP, v primeru, da se uporabnik prijavi kot registrirani \u010dlan, pa tudi ime in priimek, naslov, telefon in rojstni datum.<\/p>\n<p>Po poslanem obrazcu z elektronskim naslovom uporabnik na navedeni naslov prejme potrditveno sporo\u010dilo \u2013 s potrditvijo tega je do preklica prijavljen na e-novice\u00a0SIREKAR nogavice, d.o.o., (t. i. opt-in odobritev). Kadarkoli lahko pisno ali s klikom na gumb <em>Odjava v e-novicah<\/em> zahteva, da upravljavec osebnih podatkov trajno ali za\u010dasno preneha uporabljati njegove osebne podatke za namene neposrednega tr\u017eenja. Zahtevi bo ugodeno v 15 dneh od dneva prejema zahteve, kot predpisuje zakon. Uporabnik lahko zahteva tudi prenos podatkov ali seznanitev z njimi. Upravljavec\u00a0SIREKAR nogavice, d.o.o., se zavezuje, da bo podatke skrbno varoval skladno z zakonodajo, ki ureja varovanje osebnih podatkov. E-novice\u00a0SIREKAR nogavice, d.o.o., po\u0161ilja preko spletne aplikacije MailChimp.<\/p>\n<p><strong>Sodelovanje v nagradnih igrah:<\/strong><\/p>\n<p>Obdelavo podatkov, zbranih s sodelovanjem v nagradnih igrah, urejajo pravilniki o posameznih nagradnih igrah.<\/p>\n<p><strong>Registracija uporabnika:<\/strong><\/p>\n<p>V spletni trgovini Polzela.com se lahko posameznik prijavi kot registrirani uporabnik. Vsebine spletne trgovine so dostopne tudi anonimnim neregistriranim uporabnikom (gostom). Registrirani uporabniki v postopku registracije posredujejo zahtevane podatke. Vsak registriran uporabnik dobi svoje uporabni\u0161ko ime in geslo, ki je tajno. Uporabnik je dol\u017ean zagotoviti, da bo s svojim uporabni\u0161kim imenom in z geslom upravljal izklju\u010dno sam oz. od njega poobla\u0161\u010dena oseba. Vsak uporabnik samostojno odgovarja za vsebine, ki jih vpi\u0161e na straneh Polzela.com. Kon\u010dni kupec v spletni trgovini Polzela.com je izklju\u010dno tisti registrirani uporabnik oz. neregistrirani uporabnik (gost), ki kupuje blago za osebne namene ali nepridobitno dejavnost. Na spletnih straneh Polzela.com je kupec izklju\u010dno fizi\u010dna oseba.<\/p>\n<p>V primeru, da se uporabnik registrira, bo podjetje\u00a0SIREKAR nogavice, d.o.o., vpisane podatke do preklica uporabjalo za obdelavo uporabnikovega naro\u010dila, pripravo \u0161e bolj relevantnih ponudb in za marketin\u0161ke analize, ki bodo pomagale izbolj\u0161ati prodajni proces. Podatki bodo lahko uporabljeni tudi za ponovno tr\u017eenje. Uporabniku registracija olaj\u0161a spremljanje preteklih nakupov in skraj\u0161a nakupni postopek. Podjetje SIREKAR nogavice, d.o.o., podatke hrani do preklica ali odjave skladno s slovensko zakonodajo. Uporabnik se lahko kadarkoli pisno odjavi z mailom, poslanim na <a href=\"mailto:pomoc@polzela.com\">pomoc@polzela.com<\/a>, ali s klikom na gumb Izbris ra\u010duna. V primeru, da uporabnik \u017eeli izbrisati uporabni\u0161ki ra\u010dun, mora e-sporo\u010dilo vsebovati naslednje podatke: naslov sporo\u010dila naj bo Ukinitev uporabni\u0161kega ra\u010duna; v vsebini naro\u010dila mora biti navedeno ime in priimek uporabnika, naslov in elektronski naslov, s katerim se je uporabnik registriral; sporo\u010dilo mora biti poslano z elektronskega naslova, s katerim je uporabnik prijavljen kor registrirani \u010dlan.<\/p>\n<p><strong>Nakupovanje kot gost:<\/strong><\/p>\n<p>V primeru, da uporabnik naro\u010dilo izvede kot gost, bo podjetje SIREKAR nogavice, d.o.o., vpisane podatke uporabilo za obdelavo oddanega naro\u010dila.\u00a0SIREKAR nogavice, d.o.o., kot dav\u010dni zavezanec mora v skladu s 86. \u010dlenom ZDDV zagotoviti hrambo ra\u010dunov, ki se nana\u0161ajo na dobave blaga ali storitev na ozemlju Slovenije najmanj 10 let po poteku leta, na katero se ra\u010duni nana\u0161ajo \u2013 s tem pa se hranijo tudi podatki, ki so na ra\u010dunu. Kontaktni obrazci in posredovanje e-sporo\u010dil Uporabnik lahko specifi\u010dna vpra\u0161anja na podjetje\u00a0SIREKAR nogavice, d.o.o., posreduje tudi preko kontaktnih obrazcev ali e-naslovov, objavljenih na spletnem mestu, in s tem upravljavcu zaupa navedene podatke. Ti bodo uporabljeni za re\u0161itev uporabnikovega vpra\u0161anja. E-naslovi, navedeni na spletni strani, niso osebni, pa\u010d pa poslovni e-naslovi. Torej niso vezani na eno fizi\u010dno osebo, pa\u010d pa podatke, posredovane na ta na\u010din, lahko obdelujejo razli\u010dne osebe \u2013 z namenom hitre in u\u010dinkovite re\u0161itve uporabnikovega vpra\u0161anja. S po\u0161iljanjem e-sporo\u010dila preko spletnega obrazca ali na naslove, navedene na tem spletnem mestu, se uporabnik strinja s splo\u0161nimi pogoji uporabe spletnega mesta Polzela.com.<\/p>\n<p><strong>Pravice uporabnika\u00a0<\/strong><\/p>\n<p>Uporabnik lahko kadar koli zaprosi za seznanitev z osebnimi podatki, ki jih upravljavec obdeluje, za njihovo omejitev, izbris, popravek ali prenos podatkov. Kakr\u0161na koli vpra\u0161anja v povezavi z varovanjem osebnih podatkov na spletnem mestu Polzela.com pa lahko naslovi tudi na elektronski naslov\u00a0<a href=\"mailto:pomoc@polzela.com\">pomoc@polzela.com<\/a>.<\/p>\n<p><strong>Kako zagotavljamo varnost podatkov\u00a0<\/strong><\/p>\n<p>Podatki, ki jih uporabnik posreduje preko obrazcev na straneh\u00a0Polzela.com ali kako druga\u010de (preko e-maila, telefona idr.), so zaupni in se obravnavajo v skladu z veljavno slovensko zakonodajo. Osebne podatke bo\u00a0SIREKAR nogavice, d.o.o., varovala ter prepre\u010devala njihovo zlorabo. Osebni podatki bodo uporabljeni le za namene, za katere je uporabnik dal svoje soglasje. Dostop do osebnih podatkov imajo zgolj s strani\u00a0SIREKAR nogavice, d.o.o., poobla\u0161\u010dene osebe (zaposleni, pogodbeni partnerji) z uporabni\u0161kim imenom in geslom. Za varovanje osebnih podatkov je odgovoren tudi uporabnik sam tako, da poskrbi za varnost svojega uporabni\u0161kega imena in gesla.<\/p>\n<p>SIREKAR nogavice, d.o.o.,\u00a0za prenose vseh osebnih podatkov uporabnika uporablja tehnologijo SSL, ki skrbi za kodiranje vseh informacij, poslanih z naro\u010dili. Podatki o pla\u010dilni kartici, ki jih uporabnik vnese v primeru tak\u0161nega na\u010dina pla\u010dila, se v kodirani obliki prenesejo iz uporabnikovega ra\u010dunalnika neposredno v avtorizacijski stre\u017enik banke. Posredovanje podatkov poobla\u0161\u010denim partnerjem Podatki, ki jih uporabnik zaupa upravljavcu, so zaupni. SIREKAR nogavice, d.o.o., jih ne posreduje nepoobla\u0161\u010denim tretjim osebam. Osebne podatke pa lahko posreduje zaupanja vrednim partnerjem ali po zakonski dol\u017enosti, skladno z veljavnim Zakonom o varstvu osebnih podatkov.<\/p>\n<p>Podatki so lahko posredovani:<br \/>\n&#8211; h\u010derinskim dru\u017ebam zaradi obdelave naro\u010dil kupcev, vezanih na posamezno h\u010derinsko dru\u017ebo;<br \/>\n&#8211; dru\u017ebam za obdelavo podatkov in informacijske storitve, ki zagotavljajo nemoteno delovanje spletnega mesta in njegove izbolj\u0161ave (gostovanje na stre\u017eniku, e-mail marketing \u2026);<br \/>\n&#8211; marketin\u0161kim agencijam za namen ponovnega tr\u017eenja (v kriptirani obliki)<br \/>\n&#8211; podjetjem, ki zagotavljajo nemoten proces nakupa (Paypal, dostavne slu\u017ebe ipd.)<br \/>\n&#8211; vendar le v meri, ki je nujna za uspe\u0161no izvedbo naro\u010dila;<br \/>\n&#8211; poobla\u0161\u010denim ustanovam, \u010de tako zahteva zakon (sodi\u0161\u010de ipd.).<\/p>\n<p>Vsi partnerji, ki imajo dostop do osebnih podatkov, so zavezani skrbnemu ravnanju z njimi skladno z evropsko zakonodajo.<\/p>\n<p><strong>Privolitev\u00a0<\/strong><\/p>\n<p>Z uporabo spletnega mesta Polzela.com se uporabnik strinja s splo\u0161nimi pogoji uporabe, objavljenimi na tem spletnem mestu. Na tem mestu lahko uporabnik redno spremlja morebitne spremembe splo\u0161nih pogojev ter posledi\u010dno na\u010din in namen obdelave zbranih osebnih podatkov.<\/p>\n<p><strong>Povezava z dru\u017ebenimi omre\u017eji\u00a0<\/strong><\/p>\n<p>S klikom na ikono posameznega dru\u017ebenega omre\u017eja (Facebook, Instagram), ki se nahaja na spletni strani Polzela.com, lahko uporabnik preprosto dostopa do profilov podjetja\u00a0SIREKAR nogavice, d.o.o., na dru\u017ebenih omre\u017ejih in objav drugih profilov na dru\u017ebenih omre\u017ejih z vsebino, vezano na SIREKAR nogavice, d.o.o.. Klik na te gumbe-ikone dru\u017ebenemu omre\u017eju omogo\u010da, da uporabniku hitro ponudi relevantne informacije, glede na uporabnikovo spletno aktivnost.<\/p>\n<p>Upravljavec osebnih podatkov je: SIREKAR nogavice, d.o.o. Morebitna vpra\u0161anja o zasebnosti in obdelavi osebnih podatkov lahko naslovite na\u00a0<a href=\"mailto:pomoc@polzela.com\">pomoc@polzela.com<\/a>.<\/p>\n","protected":false},"excerpt":{"rendered":"<p>Kak\u0161ne podatke zbiramo? SIREKAR nogavice, d.o.o., Trg republike 3, 1000 Ljubljana (v nadaljevanju: SIREKAR nogavice, d.o.o.,) zbira slede\u010de osebne podatke za potrebe poslovanja: ime in priimek, naslov in kraj bivanja, naslov elektronske po\u0161te, kontaktno telefonsko \u0161tevilko, geslo v \u0161ifrirani obliki ter ostale podatke, ki jih uporabniki vnesete v obrazce na spletnem mestu Polzela.com. SIREKAR nogavice, [&hellip;]<\/p>\n","protected":false},"author":9,"featured_media":0,"parent":0,"menu_order":0,"comment_status":"closed","ping_status":"closed","template":"","meta":{"om_disable_all_campaigns":false,"_monsterinsights_skip_tracking":false,"_monsterinsights_sitenote_active":false,"_monsterinsights_sitenote_note":"","_monsterinsights_sitenote_category":0,"footnotes":""},"class_list":["post-5618","page","type-page","status-publish","hentry"],"aioseo_notices":[],"_links":{"self":[{"href":"https:\/\/www.polzela.com\/si\/wp-json\/wp\/v2\/pages\/5618","targetHints":{"allow":["GET"]}}],"collection":[{"href":"https:\/\/www.polzela.com\/si\/wp-json\/wp\/v2\/pages"}],"about":[{"href":"https:\/\/www.polzela.com\/si\/wp-json\/wp\/v2\/types\/page"}],"author":[{"embeddable":true,"href":"https:\/\/www.polzela.com\/si\/wp-json\/wp\/v2\/users\/9"}],"replies":[{"embeddable":true,"href":"https:\/\/www.polzela.com\/si\/wp-json\/wp\/v2\/comments?post=5618"}],"version-history":[{"count":0,"href":"https:\/\/www.polzela.com\/si\/wp-json\/wp\/v2\/pages\/5618\/revisions"}],"wp:attachment":[{"href":"https:\/\/www.polzela.com\/si\/wp-json\/wp\/v2\/media?parent=5618"}],"curies":[{"name":"wp","href":"https:\/\/api.w.org\/{rel}","templated":true}]}}