{"id":312,"date":"2016-02-19T12:50:40","date_gmt":"2016-02-19T11:50:40","guid":{"rendered":"https:\/\/www.polzela.com\/si\/?page_id=312"},"modified":"2016-09-09T10:39:40","modified_gmt":"2016-09-09T08:39:40","slug":"oblacenje-nogavic","status":"publish","type":"page","link":"https:\/\/www.polzela.com\/si\/informacije\/nasveti\/oblacenje-nogavic\/","title":{"rendered":"Obla\u010denje nogavic"},"content":{"rendered":"<p>Da zagotovimo eleganten videz in popolno prileganje, so na\u0161e fine hla\u010dne nogavice izdelane iz najkakovostnej\u0161ih, mo\u010dnih, a \u0161e vedno tankih in delikatnih materialov. Ti se ob nepravilnem obla\u010denju lahko strgajo, ali pa neprijetno zavijejo in s tem povzro\u010dijo kup nev\u0161e\u010dnosti in zadreg.<\/p>\n<p>Predvsem manj ve\u0161\u010de in pogoste uporabnice bodo zato morda vesele kratkih navodil:<\/p>\n<p>1. Hla\u010dne nogavice pazljivo naberite med prste rok in jih potegnite preko stopala. Okoli prstov na nogi ne smejo biti pretesne.<br \/>\n2. Pazljivo in po\u010dasi jih nato po nogi raztegnite do kolena. Popolnoma raztegnjene v \u0161irino povlecite \u010dez kolena.<br \/>\n3. Z obema rokama jih ne\u017eno raztegnite po stegnih in preko bokov po vsej \u0161irini do pasu.<\/p>\n","protected":false},"excerpt":{"rendered":"<p>Da zagotovimo eleganten videz in popolno prileganje, so na\u0161e fine hla\u010dne nogavice izdelane iz najkakovostnej\u0161ih, mo\u010dnih, a \u0161e vedno tankih in delikatnih materialov. Ti se ob nepravilnem obla\u010denju lahko strgajo, ali pa neprijetno zavijejo in s tem povzro\u010dijo kup nev\u0161e\u010dnosti in zadreg. Predvsem manj ve\u0161\u010de in pogoste uporabnice bodo zato morda vesele kratkih navodil: 1. [&hellip;]<\/p>\n","protected":false},"author":2,"featured_media":0,"parent":310,"menu_order":0,"comment_status":"closed","ping_status":"closed","template":"","meta":{"om_disable_all_campaigns":false,"_monsterinsights_skip_tracking":false,"_monsterinsights_sitenote_active":false,"_monsterinsights_sitenote_note":"","_monsterinsights_sitenote_category":0,"footnotes":""},"class_list":["post-312","page","type-page","status-publish","hentry"],"aioseo_notices":[],"_links":{"self":[{"href":"https:\/\/www.polzela.com\/si\/wp-json\/wp\/v2\/pages\/312","targetHints":{"allow":["GET"]}}],"collection":[{"href":"https:\/\/www.polzela.com\/si\/wp-json\/wp\/v2\/pages"}],"about":[{"href":"https:\/\/www.polzela.com\/si\/wp-json\/wp\/v2\/types\/page"}],"author":[{"embeddable":true,"href":"https:\/\/www.polzela.com\/si\/wp-json\/wp\/v2\/users\/2"}],"replies":[{"embeddable":true,"href":"https:\/\/www.polzela.com\/si\/wp-json\/wp\/v2\/comments?post=312"}],"version-history":[{"count":0,"href":"https:\/\/www.polzela.com\/si\/wp-json\/wp\/v2\/pages\/312\/revisions"}],"up":[{"embeddable":true,"href":"https:\/\/www.polzela.com\/si\/wp-json\/wp\/v2\/pages\/310"}],"wp:attachment":[{"href":"https:\/\/www.polzela.com\/si\/wp-json\/wp\/v2\/media?parent=312"}],"curies":[{"name":"wp","href":"https:\/\/api.w.org\/{rel}","templated":true}]}}