{"id":168,"date":"2016-01-13T12:05:08","date_gmt":"2016-01-13T11:05:08","guid":{"rendered":"https:\/\/www.polzela.com\/sl\/?page_id=168"},"modified":"2018-11-16T14:55:04","modified_gmt":"2018-11-16T13:55:04","slug":"placila","status":"publish","type":"page","link":"https:\/\/www.polzela.com\/si\/informacije\/spletni-nakup\/placila\/","title":{"rendered":"Pla\u010dila"},"content":{"rendered":"<p><strong>Izdelke, kupljene v spletni trgovini Polzela.com, lahko pla\u010date po povzetju ali na ban\u010dni ra\u010dun.<\/strong><\/p>\n<ol>\n<li style=\"list-style-type: none;\">\n<ol>\n<li><strong>Pla\u010dilo po povzetju<\/strong><br \/>\nKupnino pla\u010date po\u0161tnemu uslu\u017ebencu ob prevzemu blaga.<\/li>\n<li><strong><strong>Pla\u010dilo na ban\u010dni ra\u010dun<br \/>\n<\/strong><\/strong>Kupnino poravnate na poslovni transakcijski ra\u010dun podjetja SIREKAR nogavice, d.o.o. Podatke za pla\u010dilo boste prejeli ob zaklju\u010dku nakupa.<\/li>\n<\/ol>\n<\/li>\n<\/ol>\n<p>Do pla\u010dila celotne kupnine ostanejo naro\u010deni izdelki last SIREKAR nogavice, d.o.o.. Ve\u010d informacij poi\u0161\u010dite v <u><a href=\"https:\/\/www.polzela.com\/si\/informacije\/pravila-in-pogoji\/\">pogojih poslovanja<\/a>.<\/u><\/p>\n","protected":false},"excerpt":{"rendered":"<p>Izdelke, kupljene v spletni trgovini Polzela.com, lahko pla\u010date po povzetju ali na ban\u010dni ra\u010dun. Pla\u010dilo po povzetju Kupnino pla\u010date po\u0161tnemu uslu\u017ebencu ob prevzemu blaga. Pla\u010dilo na ban\u010dni ra\u010dun Kupnino poravnate na poslovni transakcijski ra\u010dun podjetja SIREKAR nogavice, d.o.o. Podatke za pla\u010dilo boste prejeli ob zaklju\u010dku nakupa. Do pla\u010dila celotne kupnine ostanejo naro\u010deni izdelki last SIREKAR [&hellip;]<\/p>\n","protected":false},"author":2,"featured_media":0,"parent":164,"menu_order":0,"comment_status":"closed","ping_status":"closed","template":"","meta":{"om_disable_all_campaigns":false,"_monsterinsights_skip_tracking":false,"_monsterinsights_sitenote_active":false,"_monsterinsights_sitenote_note":"","_monsterinsights_sitenote_category":0,"footnotes":""},"class_list":["post-168","page","type-page","status-publish","hentry"],"aioseo_notices":[],"_links":{"self":[{"href":"https:\/\/www.polzela.com\/si\/wp-json\/wp\/v2\/pages\/168","targetHints":{"allow":["GET"]}}],"collection":[{"href":"https:\/\/www.polzela.com\/si\/wp-json\/wp\/v2\/pages"}],"about":[{"href":"https:\/\/www.polzela.com\/si\/wp-json\/wp\/v2\/types\/page"}],"author":[{"embeddable":true,"href":"https:\/\/www.polzela.com\/si\/wp-json\/wp\/v2\/users\/2"}],"replies":[{"embeddable":true,"href":"https:\/\/www.polzela.com\/si\/wp-json\/wp\/v2\/comments?post=168"}],"version-history":[{"count":0,"href":"https:\/\/www.polzela.com\/si\/wp-json\/wp\/v2\/pages\/168\/revisions"}],"up":[{"embeddable":true,"href":"https:\/\/www.polzela.com\/si\/wp-json\/wp\/v2\/pages\/164"}],"wp:attachment":[{"href":"https:\/\/www.polzela.com\/si\/wp-json\/wp\/v2\/media?parent=168"}],"curies":[{"name":"wp","href":"https:\/\/api.w.org\/{rel}","templated":true}]}}