{"id":164,"date":"2020-10-07T12:00:33","date_gmt":"2020-10-07T10:00:33","guid":{"rendered":"https:\/\/www.polzela.com\/sl\/?page_id=164"},"modified":"2024-11-27T09:12:58","modified_gmt":"2024-11-27T08:12:58","slug":"spletni-nakup","status":"publish","type":"page","link":"https:\/\/www.polzela.com\/si\/informacije\/spletni-nakup\/","title":{"rendered":"Spletni nakup"},"content":{"rendered":"<h3 style=\"text-align: center\">Dostava:<\/h3>\n<ul style=\"text-align: left\">\n<li>Cena dostave za posamezno naro\u010dilo je navedena pred zaklju\u010dkom naro\u010dila.<\/li>\n<li>Za nakupe nad <strong>40 EUR<\/strong> v Sloveniji, <strong>50 EUR<\/strong> na Hrva\u0161kem je po\u0161tnina brezpla\u010dna.<\/li>\n<li>Brezpla\u010dna po\u0161tnina za nakupe nad dolo\u010deno vsoto ne velja med velikimi razprodajami, kot so \u010crni petek in Totalna Hi\u0161na Odprodaja. Takrat se po\u0161tnina obra\u010duna po standardnem ceniku in zna\u0161a 4 EUR v Sloveniji.<\/li>\n<li><strong>Rok dobave blaga je 3-14 delovnih dni.<\/strong><\/li>\n<\/ul>\n<p style=\"text-align: left\">Izdelke, kupljene v spletni trgovini polzela.com, po\u0161iljamo preko Po\u0161te Slovenije in njenih koresponden\u010dnih partnerjev v posameznih dr\u017eavah ter\u00a0DPD (Kurirska in paketna distribucija)\u00a0in njegovih koresponden\u010dnih partnerjev.<\/p>\n<p style=\"text-align: left\">Za dostavo sistem (razen v primeru izrecne \u017eelje in izbire dodatnih mo\u017enosti dostave ob naro\u010dilu) vedno samodejno izbere najcenej\u0161ega ponudnika in s tem najni\u017eja cena dostave.<\/p>\n<p style=\"text-align: left\">V redkih primerih se pri posameznih izdelkih na spletni trgovini Polzela.com uporablja \u201cdropshipping\u201d na\u010din dostave. V tak\u0161nih primerih se po\u0161tnina obra\u010duna za posamezen izdelek iz ponudbe.<\/p>\n<p style=\"text-align: left\">Opozorilo kupcem iz dr\u017eav, ki niso \u010dlanice Evropske unije: kupci so dol\u017eni poravnati vse stro\u0161ke, povezane z uvoznim carinjenjem blaga, vklju\u010dno z vsemi uvoznimi dajatvami, skladno z veljavno zakonodajo dr\u017eave uvoza, o \u010demer so izrecno opozorjeni pri nakupu.<\/p>\n<p style=\"text-align: left\">SIREKAR nogavice, d.o.o., ne prevzema odgovornosti za morebitne zamude s strani dostavljavca. Cenik dostave lahko SIREKAR nogavice, d.o.o., kadarkoli spremeni. Prav tako lahko izbere drugo dostavno slu\u017ebo, \u010de bo s tem naro\u010dilo u\u010dinkoviteje izvedeno.<\/p>\n<p style=\"text-align: left\">Ve\u010d informacij poi\u0161\u010dite v <a href=\"https:\/\/www.polzela.com\/si\/informacije\/pravila-in-pogoji\/\"><u>pogojih poslovanja<\/u><\/a><\/p>\n<h3 style=\"text-align: center\">Vra\u010dila in reklamacije<\/h3>\n<p style=\"text-align: left\">Kupec ima pravico, da v 14 dneh podjetju pisno sporo\u010di, da odstopa od pogodbe, in sicer na e-naslov <a href=\"mailto:info@polzela.com\">info@polzela.com<\/a><\/p>\n<p style=\"text-align: left\">Rok za odstop od pogodbe za\u010dne te\u010di naslednji dan po dnevu prejetja\/dostave naro\u010denega blaga. V elektronskem sporo\u010dilu o odstopu od pogodbe nedvoumno navedite odlo\u010ditev, da od pogodbe odstopate (z va\u0161im imenom in datumom oddanega naro\u010dila) ali pa izpolnite obrazec za odstop od pogodbe, ki ga najdete <a href=\"https:\/\/www.polzela.com\/si\/wp-content\/uploads\/sites\/2\/2021\/01\/Vracila-in-reklamacije.pdf\">tukaj<\/a>.<\/p>\n<h3 style=\"text-align: center\"><\/h3>\n<h3 style=\"text-align: center\"><strong>Vra\u010dilo blaga<\/strong><\/h3>\n<p style=\"text-align: left\">\u010ce je kupec blago \u017ee prejel in od pogodbe odstopi, mora prejeto blago brez nepotrebnega odla\u0161anja in v vsakem primeru najkasneje v 14. dneh vrniti podjetju po pisno oddanem sporo\u010dilu iz odstavka 1. Vra\u010dilo prejetih pla\u010dil\/kupnine bo podjetje opravilo nemudoma oziroma najpozneje v 14 dneh po prejemu obvestila o odstopu od pogodbe z enakim pla\u010dilnim sredstvom, kot ga je uporabil kupec.\u00a0Kupec lahko izrecno zahteva uporabo drugega pla\u010dilnega sredstva na obrazcu za vra\u010dilo.<\/p>\n<p style=\"text-align: left\">Blagu, ki ga \u017eelite vrniti, obvezno prilo\u017eite\u00a0kopijo originalnega ra\u010duna\u00a0in\u00a0izpolnjen obrazec za vra\u010dilo. Ob vra\u010dilu morajo biti izdelki nerabljeni, nepo\u0161kodovani, koli\u010dinsko nespremenjeni in v originalni embala\u017ei.<\/p>\n<p style=\"text-align: left\"><strong>Stro\u0161ke vra\u010dila blaga krije kupec<\/strong>. Za vrnjene izdelke ne sprejemamo po\u0161iljk s pla\u010dilom po\u0161tnine po povzetju.<\/p>\n<p style=\"text-align: left\">Izdelkov s potiskom oziroma izdelkov z naro\u010denimi dodatnimi \u017eeljami kupca (vezenje, gravura, potisk ipd.) ni mogo\u010de vrniti ali zamenjati, saj gre za blago, ki je izdelano po natan\u010dnih navodilih kupca in prilagojeno njegovim osebnim potrebam.<\/p>\n<p style=\"text-align: left\">Blago s kopijo ra\u010duna in obrazcem najkasneje v 14. dneh po pisno oddanem sporo\u010dilu po\u0161ljite na podjetje SIREKAR nogavice, d.o.o.<\/p>\n<p style=\"text-align: left\">Naslov podjetja za vra\u010dilo po po\u0161ti:<\/p>\n<p style=\"text-align: left\"><strong>SIREKAR nogavice, d.o.o.,<\/strong><br \/>\nCvetli\u010dna ulica 3<br \/>\n3313 Polzela<br \/>\nSlovenija \u2013 s pripisom \u00bbVra\u010dilo\/Reklamacija spletna prodaja\u00ab<\/p>\n<h3 style=\"text-align: center\"><\/h3>\n<h3 style=\"text-align: center\"><strong>Reklamacije<\/strong><\/h3>\n<p style=\"text-align: left\">SIREKAR nogavice, d.o.o., ne odgovarja za stvarne napake (opredeljene stvarne napake v zadnjem odstavku) kupljenih izdelkov v spletni trgovini Polzela.com. Kupec sporo\u010di reklamacijo na elektronski naslov <a href=\"mailto:info@polzela.com\">info@polzela.com<\/a>.\u00a0Kupec mora v obvestilu o napaki natan\u010dneje opisati napako in prodajalcu omogo\u010diti, da stvar pregleda.<\/p>\n<p style=\"text-align: left\">SIREKAR nogavice, d.o.o., bo najkasneje v \u0161tirinajstih delovnih dneh po pisnem sporo\u010dilu kupca potrdila prejem reklamacije in podala tudi pisni odgovor na re\u0161itev reklamacijskega zahtevka.<\/p>\n<p style=\"text-align: left\">O reklamaciji zaradi stvarne napake nas lahko obvestite v roku dveh mesecev od dneva, ko je bila napaka odkrita.<\/p>\n<p style=\"text-align: left\">SIREKAR nogavice, d.o.o., ne odgovarja za stvarne napake na blagu, ki se poka\u017eejo potem, ko mineta dve leti, odkar je bila stvar izro\u010dena.<\/p>\n<p style=\"text-align: left\"><u><strong>Opredelitev stvarne napake:<\/strong><\/u><\/p>\n<ol style=\"text-align: left\">\n<li>\u010de stvar nima lastnosti, ki so potrebne za njeno normalno rabo ali za promet;<\/li>\n<li>\u010de stvar nima lastnosti, ki so potrebne za posebno rabo, za katero jo kupec kupuje, ki pa je bila prodajalcu znana oziroma bi mu morala biti znana;<\/li>\n<li>\u010de stvar nima lastnosti in odlik, ki so bile izrecno ali mol\u010de dogovorjene oziroma predpisane;<\/li>\n<li>\u010de je prodajalec izro\u010dil stvar, ki se ne ujema z vzorcem ali modelom, razen \u010de je bil vzorec ali model pokazan le zaradi obvestila.<\/li>\n<\/ol>\n<p style=\"text-align: left\">Ve\u010d informacij poi\u0161\u010dite v <u><a href=\"https:\/\/www.polzela.com\/si\/informacije\/pravila-in-pogoji\/\">pogojih poslovanja<\/a>.<\/u><\/p>\n","protected":false},"excerpt":{"rendered":"<p>Dostava: Cena dostave za posamezno naro\u010dilo je navedena pred zaklju\u010dkom naro\u010dila. Za nakupe nad 40 EUR v Sloveniji, 50 EUR na Hrva\u0161kem je po\u0161tnina brezpla\u010dna. Brezpla\u010dna po\u0161tnina za nakupe nad dolo\u010deno vsoto ne velja med velikimi razprodajami, kot so \u010crni petek in Totalna Hi\u0161na Odprodaja. Takrat se po\u0161tnina obra\u010duna po standardnem ceniku in zna\u0161a 4 [&hellip;]<\/p>\n","protected":false},"author":2,"featured_media":0,"parent":172,"menu_order":0,"comment_status":"closed","ping_status":"closed","template":"","meta":{"om_disable_all_campaigns":false,"_monsterinsights_skip_tracking":false,"_monsterinsights_sitenote_active":false,"_monsterinsights_sitenote_note":"","_monsterinsights_sitenote_category":0,"footnotes":""},"class_list":["post-164","page","type-page","status-publish","hentry"],"aioseo_notices":[],"_links":{"self":[{"href":"https:\/\/www.polzela.com\/si\/wp-json\/wp\/v2\/pages\/164","targetHints":{"allow":["GET"]}}],"collection":[{"href":"https:\/\/www.polzela.com\/si\/wp-json\/wp\/v2\/pages"}],"about":[{"href":"https:\/\/www.polzela.com\/si\/wp-json\/wp\/v2\/types\/page"}],"author":[{"embeddable":true,"href":"https:\/\/www.polzela.com\/si\/wp-json\/wp\/v2\/users\/2"}],"replies":[{"embeddable":true,"href":"https:\/\/www.polzela.com\/si\/wp-json\/wp\/v2\/comments?post=164"}],"version-history":[{"count":9,"href":"https:\/\/www.polzela.com\/si\/wp-json\/wp\/v2\/pages\/164\/revisions"}],"predecessor-version":[{"id":48366,"href":"https:\/\/www.polzela.com\/si\/wp-json\/wp\/v2\/pages\/164\/revisions\/48366"}],"up":[{"embeddable":true,"href":"https:\/\/www.polzela.com\/si\/wp-json\/wp\/v2\/pages\/172"}],"wp:attachment":[{"href":"https:\/\/www.polzela.com\/si\/wp-json\/wp\/v2\/media?parent=164"}],"curies":[{"name":"wp","href":"https:\/\/api.w.org\/{rel}","templated":true}]}}